{"id":2205,"date":"2022-01-21T23:08:11","date_gmt":"2022-01-21T23:08:11","guid":{"rendered":"http:\/\/rocor-ettringen.de\/?page_id=2205"},"modified":"2022-06-09T22:00:01","modified_gmt":"2022-06-09T22:00:01","slug":"anfahrt-und-kontakt","status":"publish","type":"page","link":"https:\/\/rocor-ettringen.de\/?page_id=2205","title":{"rendered":"Anfahrt und Kontakt"},"content":{"rendered":"\n<p class=\"has-large-font-size\"><strong>Kontakt des Pfarrers <\/strong><\/p>\n\n\n\n<div class=\"wp-block-media-text alignwide is-stacked-on-mobile\"><figure class=\"wp-block-media-text__media\"><img decoding=\"async\" loading=\"lazy\" width=\"1000\" height=\"722\" src=\"https:\/\/rocor-ettringen.de\/wp-content\/uploads\/2022\/04\/48209803.jpg\" alt=\"\" class=\"wp-image-2593 size-full\" srcset=\"https:\/\/rocor-ettringen.de\/wp-content\/uploads\/2022\/04\/48209803.jpg 1000w, https:\/\/rocor-ettringen.de\/wp-content\/uploads\/2022\/04\/48209803-300x217.jpg 300w, https:\/\/rocor-ettringen.de\/wp-content\/uploads\/2022\/04\/48209803-768x554.jpg 768w\" sizes=\"(max-width: 1000px) 100vw, 1000px\" \/><\/figure><div class=\"wp-block-media-text__content\">\n<p class=\"has-medium-font-size\"><strong>Erzpriester&nbsp;Dr. Georg &nbsp;Kobro<\/strong><\/p>\n\n\n\n<p class=\"has-medium-font-size\"><strong>+49 (0)8191 84 84<\/strong><br><strong>g.kobro@t-online.de<\/strong><\/p>\n\n\n\n<p class=\"has-medium-font-size\"><strong>Am Moosfeld 20<\/strong><\/p>\n\n\n\n<p class=\"has-medium-font-size\"><strong>86929&nbsp; Unterm\u00fchlhausen<\/strong><\/p>\n<\/div><\/div>\n\n\n\n<div style=\"height:100px\" aria-hidden=\"true\" class=\"wp-block-spacer\"><\/div>\n\n\n\n<p class=\"has-large-font-size\"><strong>Kirche in Ettringen<\/strong><\/p>\n\n\n\n<div class=\"wp-block-media-text alignwide is-stacked-on-mobile\" style=\"grid-template-columns:44% auto\"><figure class=\"wp-block-media-text__media\"><img decoding=\"async\" loading=\"lazy\" width=\"1024\" height=\"768\" src=\"https:\/\/rocor-ettringen.de\/wp-content\/uploads\/2017\/06\/20170121_134521-1024x768.jpg\" alt=\"\" class=\"wp-image-1554 size-full\" srcset=\"https:\/\/rocor-ettringen.de\/wp-content\/uploads\/2017\/06\/20170121_134521-1024x768.jpg 1024w, https:\/\/rocor-ettringen.de\/wp-content\/uploads\/2017\/06\/20170121_134521-300x225.jpg 300w\" sizes=\"(max-width: 1024px) 100vw, 1024px\" \/><\/figure><div class=\"wp-block-media-text__content\">\n<p class=\"has-medium-font-size\"><strong>Gemeinde der Hl. Vera, Nadezhda, Ljubov und Sofia<\/strong><\/p>\n\n\n\n<p class=\"has-medium-font-size\"><strong>Friedhofweg 1<\/strong><\/p>\n\n\n\n<p class=\"has-medium-font-size\"><strong>86833 Ettringen<\/strong><\/p>\n\n\n\n<p class=\"has-medium-font-size\"><\/p>\n<\/div><\/div>\n\n\n\n<div class=\"wp-block-columns is-layout-flex wp-container-2\">\n<div class=\"wp-block-column is-layout-flow\">\n<p class=\"has-medium-font-size\">Fahren Sie in Ettringen der Hauptstra\u00dfe entlang bis Sie zur der gro\u00dfen St. Martin Kirche kommen. Biegen Sie dann zur St-Martin-Stra\u00dfe ab. Fahren Sie gerade auf der Stra\u00dfe bis zum Ziel. <strong>Nutzen Sie bitte die Parkm\u00f6glichkeiten auf dem Schotterweg (<span class=\"has-inline-color has-vivid-red-color\">NICHT neben dem Friedhof<\/span>).<\/strong><\/p>\n<\/div>\n<\/div>\n\n\n\n<div class=\"wp-block-columns is-layout-flex wp-container-5\">\n<div class=\"wp-block-column is-layout-flow\" style=\"flex-basis:100%\">\n<div class=\"wp-block-group is-layout-flow\"><div class=\"wp-block-group__inner-container\">\t\t<div id=\"wpmapblock_2909f939\" data-settings='{&quot;map_marker&quot;:[{&quot;lat&quot;:&quot;48.1068182&quot;,&quot;lng&quot;:&quot;10.652466780088197&quot;,&quot;title&quot;:&quot;Ettringen&quot;,&quot;content&quot;:&quot;Friedhofweg 1, 86833 Ettringen&quot;,&quot;iconType&quot;:&quot;default&quot;,&quot;customIconUrl&quot;:&quot;&quot;,&quot;customIconWidth&quot;:&quot;25&quot;,&quot;customIconHeight&quot;:&quot;40&quot;}],&quot;map_zoom&quot;:&quot;16&quot;,&quot;scroll_wheel_zoom&quot;:false,&quot;map_type&quot;:&quot;GM&quot;,&quot;center_index&quot;:0}' class=\"wpmapblockrender\" style=\"\n\t\t\twidth: 100%;\n\t\t\theight: 335px;\n\t\t\"><\/div>\n        <\/div><\/div>\n<\/div>\n<\/div>\n\n\n\n<p class=\"has-large-font-size\"><strong>Waldkirche in Unterm\u00fchlhausen<\/strong><\/p>\n\n\n\n<div class=\"wp-block-media-text alignwide is-stacked-on-mobile\" style=\"grid-template-columns:44% auto\"><figure class=\"wp-block-media-text__media\"><img decoding=\"async\" loading=\"lazy\" width=\"940\" height=\"528\" src=\"https:\/\/rocor-ettringen.de\/wp-content\/uploads\/2022\/01\/Waldkirche.webp\" alt=\"\" class=\"wp-image-2216 size-full\" srcset=\"https:\/\/rocor-ettringen.de\/wp-content\/uploads\/2022\/01\/Waldkirche.webp 940w, https:\/\/rocor-ettringen.de\/wp-content\/uploads\/2022\/01\/Waldkirche-300x169.webp 300w, https:\/\/rocor-ettringen.de\/wp-content\/uploads\/2022\/01\/Waldkirche-768x431.webp 768w\" sizes=\"(max-width: 940px) 100vw, 940px\" \/><\/figure><div class=\"wp-block-media-text__content\">\n<p class=\"has-medium-font-size\"><strong>Anastasiakirche (Waldkirche)<\/strong><\/p>\n\n\n\n<p class=\"has-medium-font-size\"><strong>Am Moosfeld 20<\/strong><\/p>\n\n\n\n<p class=\"has-medium-font-size\"><strong>86929&nbsp; Unterm\u00fchlhausen<\/strong><\/p>\n<\/div><\/div>\n\n\n\n<p class=\"has-medium-font-size\">Fahren Sie zur Stra\u00dfe &#171;Am Moosfeld&#187; in Unterm\u00fchlhausen. Diese Stra\u00dfe f\u00fchrt an einigen Feldern entlang. Nachdem Sie an einer Sitzbank vorbeigefahren sind, folgt ein schmaler Feldweg nach links. Wenn Sie diesem Weg folgen kommen Sie direkt zur Kirche<\/p>\n\n\n\t\t<div id=\"wpmapblock_eb0c44a1\" data-settings='{&quot;map_marker&quot;:[{&quot;lat&quot;:&quot;48.104117&quot;,&quot;lng&quot;:&quot;10.922417&quot;,&quot;title&quot;:&quot;Waldkirche&quot;,&quot;content&quot;:&quot;Am Moosfeld, 86929 Unterm\\u00fchlhausen&quot;,&quot;iconType&quot;:&quot;default&quot;,&quot;customIconUrl&quot;:&quot;&quot;,&quot;customIconWidth&quot;:&quot;25&quot;,&quot;customIconHeight&quot;:&quot;40&quot;}],&quot;map_zoom&quot;:&quot;15&quot;,&quot;scroll_wheel_zoom&quot;:false,&quot;map_type&quot;:&quot;GM&quot;,&quot;center_index&quot;:0}' class=\"wpmapblockrender\" style=\"\n\t\t\twidth: 100%;\n\t\t\theight: 394px;\n\t\t\"><\/div>\n        \n\n\n<p><\/p>\n\n\n\n<p class=\"has-large-font-size\"><strong>Spendenkonto<\/strong><\/p>\n\n\n\n<p><strong>Ettringer-Gem. ROKA<\/strong><br><strong>HypoVereinsbank M\u00fcnchen<\/strong><br><strong>IBAN: DE28 7002 0270 0015 1793 61<\/strong><\/p>\n","protected":false},"excerpt":{"rendered":"<p>Kontakt des Pfarrers Erzpriester&nbsp;Dr. Georg &nbsp;Kobro +49 (0)8191 84 84g.kobro@t-online.de Am Moosfeld 20 86929&nbsp; Unterm\u00fchlhausen Kirche in Ettringen Gemeinde der Hl. Vera, Nadezhda, Ljubov und Sofia Friedhofweg 1 86833 Ettringen Fahren Sie in Ettringen der Hauptstra\u00dfe entlang bis Sie zur der gro\u00dfen St. Martin Kirche kommen. Biegen Sie dann zur St-Martin-Stra\u00dfe ab. Fahren Sie gerade &#8230; <span class=\"more\"><a class=\"more-link\" href=\"https:\/\/rocor-ettringen.de\/?page_id=2205\">[Read more&#8230;]<\/a><\/span><\/p>\n","protected":false},"author":7,"featured_media":0,"parent":0,"menu_order":0,"comment_status":"closed","ping_status":"closed","template":"","meta":[],"_links":{"self":[{"href":"https:\/\/rocor-ettringen.de\/index.php?rest_route=\/wp\/v2\/pages\/2205"}],"collection":[{"href":"https:\/\/rocor-ettringen.de\/index.php?rest_route=\/wp\/v2\/pages"}],"about":[{"href":"https:\/\/rocor-ettringen.de\/index.php?rest_route=\/wp\/v2\/types\/page"}],"author":[{"embeddable":true,"href":"https:\/\/rocor-ettringen.de\/index.php?rest_route=\/wp\/v2\/users\/7"}],"replies":[{"embeddable":true,"href":"https:\/\/rocor-ettringen.de\/index.php?rest_route=%2Fwp%2Fv2%2Fcomments&post=2205"}],"version-history":[{"count":11,"href":"https:\/\/rocor-ettringen.de\/index.php?rest_route=\/wp\/v2\/pages\/2205\/revisions"}],"predecessor-version":[{"id":2670,"href":"https:\/\/rocor-ettringen.de\/index.php?rest_route=\/wp\/v2\/pages\/2205\/revisions\/2670"}],"wp:attachment":[{"href":"https:\/\/rocor-ettringen.de\/index.php?rest_route=%2Fwp%2Fv2%2Fmedia&parent=2205"}],"curies":[{"name":"wp","href":"https:\/\/api.w.org\/{rel}","templated":true}]}}