{"id":3082,"date":"2023-01-15T21:52:09","date_gmt":"2023-01-15T21:52:09","guid":{"rendered":"https:\/\/rocor-ettringen.de\/?page_id=3082"},"modified":"2026-02-22T23:44:01","modified_gmt":"2026-02-22T23:44:01","slug":"februar-2","status":"publish","type":"page","link":"https:\/\/rocor-ettringen.de\/?page_id=3082","title":{"rendered":"Februar-M\u00e4rz"},"content":{"rendered":"\n<p><strong>31.01.2026 <strong><strong>Sa.<\/strong> <\/strong><\/strong>18.00&nbsp;Abendgottesdienst&nbsp;(Vigil). Beichte. Unterm\u00fchlhausen. Waldkirche der heiligen Anastasia<br><strong>01.02.2026 <strong><strong><strong>So<\/strong>.<\/strong>&nbsp;<\/strong><\/strong>08.30-9.40&nbsp;Beichte. 9.40&nbsp;G\u00f6ttliche Liturgie. Ettringen<\/p>\n\n\n\n<p><strong>07.02.2026 <strong><strong>Sa.<\/strong> <\/strong><\/strong>18.00&nbsp;Abendgottesdienst&nbsp;(Vigil). Beichte. Unterm\u00fchlhausen. Waldkirche der heiligen Anastasia<br><strong>08.02.2026&nbsp;<strong><strong><strong><strong>So<\/strong>.<\/strong>&nbsp;<\/strong><\/strong><\/strong>08.30-9.40&nbsp;Beichte. 9.40&nbsp;G\u00f6ttliche Liturgie. Ettringen<\/p>\n\n\n\n<p class=\"has-vivid-red-color has-text-color\"><strong>14.02.2026 Sa.<\/strong>&nbsp;<em><em>kein Gottesdienst<\/em><\/em><br><strong>15.02.2026&nbsp;<strong><strong><strong><strong>So<\/strong>.<\/strong>&nbsp;<\/strong><\/strong><\/strong>08.30-9.40&nbsp;Beichte. 9.40&nbsp;G\u00f6ttliche Liturgie. <strong>Begegnung des Herrn<\/strong>. Ettringen<\/p>\n\n\n\n<p><strong>21.02.2026 <strong><strong><strong>Sa.<\/strong> <\/strong><\/strong><\/strong>18.00&nbsp;Abendgottesdienst&nbsp;(Vigil). Beichte. Unterm\u00fchlhausen. Waldkirche der heiligen Anastasia<br><strong>22.02.2026&nbsp;<strong><strong><strong><strong><strong>So<\/strong>.<\/strong>&nbsp;<\/strong><\/strong><\/strong><\/strong>08.30-9.40&nbsp;Beichte. 9.40&nbsp;G\u00f6ttliche Liturgie mit Ritus der Vers\u00f6hnung. Ettringen<\/p>\n\n\n\n<p><strong>24.02.2026 Di.<\/strong>\u00a017.00 Kanon des Hl. Andreas von Kreta. Ettringen<br><strong>25.02.2026 Mi.<\/strong>\u00a018.00 Kanon des Hl. Andreas von Kreta. Unterm\u00fchlhausen. Waldkirche der heiligen Anastasia<br><strong>26.02.2026 Do.<\/strong>\u00a017.00 Kanon des Hl. Andreas von Kreta. Ettringen<\/p>\n\n\n\n<p class=\"has-vivid-red-color has-text-color\"><strong>28.02.2026 Sa.<\/strong>&nbsp;<em><em>kein Gottesdienst<\/em><\/em><br><b>01.03.2026&nbsp;<\/b><strong style=\"font-weight: bold;\"><strong><strong><strong>So<\/strong>.<\/strong><\/strong><\/strong><b> <\/b><em><em>kein Gottesdienst<\/em><\/em><\/p>\n\n\n\n<p><strong>07.03.2026 <strong><strong><strong><strong>Sa.<\/strong> <\/strong><\/strong><\/strong><\/strong>18.00&nbsp;Abendgottesdienst&nbsp;(Vigil). Beichte. Unterm\u00fchlhausen. Waldkirche der heiligen Anastasia<br><strong>08.03.2026&nbsp;<strong><strong><strong><strong><strong>So<\/strong>.<\/strong>&nbsp;<\/strong><\/strong><\/strong><\/strong>08.30-9.40&nbsp;Beichte. 9.40&nbsp;G\u00f6ttliche Liturgie. Ettringen<\/p>\n\n\n\n<p><strong>14.03.2026 Sa.<\/strong>&nbsp;17.00 Totengedenken. 18.00 Abendgottesdienst&nbsp;(Vigil). Beichte. Unterm\u00fchlhausen. Waldkirche der heiligen Anastasia<br><strong>15.03.2026&nbsp;<strong><strong><strong><strong>So<\/strong>.<\/strong>&nbsp;<\/strong><\/strong><\/strong>08.30-9.40&nbsp;Beichte. 9.40&nbsp;G\u00f6ttliche Liturgie. Ettringen<\/p>\n\n\n\n<p><strong>21.03.2026<\/strong>&nbsp;<strong>Sa.<\/strong>&nbsp;18.00&nbsp;Abendgottesdienst&nbsp;(Vigil). Beichte. Unterm\u00fchlhausen. Waldkirche der heiligen Anastasia<br><strong>22.03.2026&nbsp;So.<\/strong>&nbsp;08.30-9.40&nbsp;Beichte. 9.40&nbsp;G\u00f6ttliche Liturgie. Ettringen<\/p>\n\n\n\n<p><strong>28.03.2026 Sa.<\/strong>&nbsp;<em><em>kein Gottesdienst<\/em><\/em><br><strong>29.03.2026&nbsp;So.<\/strong>&nbsp;<em><em>kein Gottesdienst<\/em><\/em><\/p>\n\n\n\n<p><\/p>\n","protected":false},"excerpt":{"rendered":"<p>31.01.2026 Sa. 18.00&nbsp;Abendgottesdienst&nbsp;(Vigil). Beichte. Unterm\u00fchlhausen. Waldkirche der heiligen Anastasia01.02.2026 So.&nbsp;08.30-9.40&nbsp;Beichte. 9.40&nbsp;G\u00f6ttliche Liturgie. Ettringen 07.02.2026 Sa. 18.00&nbsp;Abendgottesdienst&nbsp;(Vigil). Beichte. Unterm\u00fchlhausen. Waldkirche der heiligen Anastasia08.02.2026&nbsp;So.&nbsp;08.30-9.40&nbsp;Beichte. 9.40&nbsp;G\u00f6ttliche Liturgie. Ettringen 14.02.2026 Sa.&nbsp;kein Gottesdienst15.02.2026&nbsp;So.&nbsp;08.30-9.40&nbsp;Beichte. 9.40&nbsp;G\u00f6ttliche Liturgie. Begegnung des Herrn. Ettringen 21.02.2026 Sa. 18.00&nbsp;Abendgottesdienst&nbsp;(Vigil). Beichte. Unterm\u00fchlhausen. Waldkirche der heiligen Anastasia22.02.2026&nbsp;So.&nbsp;08.30-9.40&nbsp;Beichte. 9.40&nbsp;G\u00f6ttliche Liturgie mit Ritus der Vers\u00f6hnung. Ettringen 24.02.2026 Di.\u00a017.00 Kanon des Hl. &#8230; <span class=\"more\"><a class=\"more-link\" href=\"https:\/\/rocor-ettringen.de\/?page_id=3082\">[Read more&#8230;]<\/a><\/span><\/p>\n","protected":false},"author":7,"featured_media":0,"parent":0,"menu_order":0,"comment_status":"closed","ping_status":"closed","template":"","meta":[],"_links":{"self":[{"href":"https:\/\/rocor-ettringen.de\/index.php?rest_route=\/wp\/v2\/pages\/3082"}],"collection":[{"href":"https:\/\/rocor-ettringen.de\/index.php?rest_route=\/wp\/v2\/pages"}],"about":[{"href":"https:\/\/rocor-ettringen.de\/index.php?rest_route=\/wp\/v2\/types\/page"}],"author":[{"embeddable":true,"href":"https:\/\/rocor-ettringen.de\/index.php?rest_route=\/wp\/v2\/users\/7"}],"replies":[{"embeddable":true,"href":"https:\/\/rocor-ettringen.de\/index.php?rest_route=%2Fwp%2Fv2%2Fcomments&post=3082"}],"version-history":[{"count":14,"href":"https:\/\/rocor-ettringen.de\/index.php?rest_route=\/wp\/v2\/pages\/3082\/revisions"}],"predecessor-version":[{"id":3714,"href":"https:\/\/rocor-ettringen.de\/index.php?rest_route=\/wp\/v2\/pages\/3082\/revisions\/3714"}],"wp:attachment":[{"href":"https:\/\/rocor-ettringen.de\/index.php?rest_route=%2Fwp%2Fv2%2Fmedia&parent=3082"}],"curies":[{"name":"wp","href":"https:\/\/api.w.org\/{rel}","templated":true}]}}