{"id":3169,"date":"2023-03-19T08:38:42","date_gmt":"2023-03-19T08:38:42","guid":{"rendered":"https:\/\/rocor-ettringen.de\/?page_id=3169"},"modified":"2026-04-10T09:29:37","modified_gmt":"2026-04-10T09:29:37","slug":"april-2","status":"publish","type":"page","link":"https:\/\/rocor-ettringen.de\/?page_id=3169","title":{"rendered":"April"},"content":{"rendered":"\n<p><strong>04.04.2026<\/strong>&nbsp;<strong><strong>Sa<\/strong>.<\/strong>&nbsp;10.00 G\u00f6ttliche Liturgie. <strong>Lazarus-Samstag<\/strong>. Unterm\u00fchlhausen. Waldkirche der heiligen Anastasia<\/p>\n\n\n\n<p class=\"has-vivid-red-color has-text-color\"><strong>04.04.2026<\/strong>&nbsp;<strong><strong>Sa<\/strong>.<\/strong>&nbsp;17.00&nbsp;Abendgottesdienst&nbsp;(Vigil). Beichte. Ettringen<br><strong>05.04.2026&nbsp;<strong>So<\/strong>.<\/strong>&nbsp;08.30-9.40&nbsp;Beichte. 9.40&nbsp;G\u00f6ttliche Liturgie. <strong>Einzug des<\/strong> <strong>Herrn in<\/strong> <strong>Jerusalem, Palmsonntag. <\/strong>Ettringen<\/p>\n\n\n\n<p class=\"has-vivid-red-color has-text-color\"><strong>06.04.2026<\/strong>&nbsp;<strong>Mo.<\/strong>&nbsp;18.00&nbsp;Abendgottesdienst&nbsp;(Vigil). Beichte. Unterm\u00fchlhausen. Waldkirche der heiligen Anastasia<br><strong>07.04.2026&nbsp;Di.<\/strong> 10.00&nbsp;G\u00f6ttliche Liturgie. <strong>Verk\u00fcndigung unserer Allerheiligsten Gottesmutter und Immerjungfrau Maria.<\/strong> Ettringen<\/p>\n\n\n\n<p><strong>09.04.2026<\/strong>&nbsp;<strong>Do. <\/strong>17.00 Gottesdienst \u00abdie Lesung der 12 Leidensevangelien\u00bb. Ettringen<\/p>\n\n\n\n<p><strong>10.04.2026<\/strong>&nbsp;<strong>Fr.<\/strong>&nbsp;16.00 Austragen des Grabinnens. 17.30 Grablegung des Herrn. Ettringen<\/p>\n\n\n\n<p class=\"has-black-color has-text-color\"><strong>11.04.2026<\/strong>&nbsp;<strong><strong>Sa<\/strong>.<\/strong> 9.00&nbsp;Stundengebet, Gro\u00dfe Vesper in Verbindung mit der Liturgie. Ettringen<\/p>\n\n\n\n<p class=\"has-vivid-red-color has-text-color\"><strong>11\/12.04.2026<\/strong>&nbsp;<strong><strong>Sa<\/strong>.<\/strong>\/<strong><strong>So<\/strong>.<\/strong>&nbsp;23.30 <em>Die <em>Weihe der Kultischen<\/em><\/em> und <em>Pas\u2019chas<\/em>. Mitternachtsdienst. <br>24.00 Kreuzprozession. <strong><em>\u00d6sterliche Morgenamt,<i> Osterliturgie<\/i><\/em><\/strong>. <em>Nach der Liturgie<\/em> &#8212; <em>die <em>Weihe der Kultischen<\/em><\/em> und <em> Pas\u2019chas<\/em>. Ettringen (<em>Allgemeine Beichte in der Osternacht<\/em>)<\/p>\n\n\n\n<p class=\"has-vivid-red-color has-text-color\"><strong>13.04.2026<\/strong>\u00a0<strong>Mo.<\/strong>\u00a010.00 G\u00f6ttliche Liturgie. <strong>Ostern<\/strong>. Ettringen<\/p>\n\n\n\n<p class=\"has-black-color has-text-color\"><strong>18.04.2026 <strong>Sa<\/strong>.<\/strong>&nbsp;18.00&nbsp;Abendgottesdienst&nbsp;(Vigil). Beichte.&nbsp;Unterm\u00fchlhausen. Waldkirche der heiligen Anastasia<br><strong>19.04.2026&nbsp;<strong>So<\/strong>.<strong>&nbsp;<\/strong><\/strong>08.30-9.40&nbsp;Beichte. 9.40&nbsp;G\u00f6ttliche Liturgie. Ettringen<\/p>\n\n\n\n<p><strong>25.04.2026<\/strong>&nbsp;<strong><strong>Sa<\/strong>.<\/strong><em> kein Gottesdienst<\/em><br><strong>26.04.2026&nbsp;<strong>So<\/strong>.<\/strong>&nbsp;<em><em>kein Gottesdienst<\/em><\/em><br><\/p>\n","protected":false},"excerpt":{"rendered":"<p>04.04.2026&nbsp;Sa.&nbsp;10.00 G\u00f6ttliche Liturgie. Lazarus-Samstag. Unterm\u00fchlhausen. Waldkirche der heiligen Anastasia 04.04.2026&nbsp;Sa.&nbsp;17.00&nbsp;Abendgottesdienst&nbsp;(Vigil). Beichte. Ettringen05.04.2026&nbsp;So.&nbsp;08.30-9.40&nbsp;Beichte. 9.40&nbsp;G\u00f6ttliche Liturgie. Einzug des Herrn in Jerusalem, Palmsonntag. Ettringen 06.04.2026&nbsp;Mo.&nbsp;18.00&nbsp;Abendgottesdienst&nbsp;(Vigil). Beichte. Unterm\u00fchlhausen. Waldkirche der heiligen Anastasia07.04.2026&nbsp;Di. 10.00&nbsp;G\u00f6ttliche Liturgie. Verk\u00fcndigung unserer Allerheiligsten Gottesmutter und Immerjungfrau Maria. Ettringen 09.04.2026&nbsp;Do. 17.00 Gottesdienst \u00abdie Lesung der 12 Leidensevangelien\u00bb. Ettringen 10.04.2026&nbsp;Fr.&nbsp;16.00 Austragen des Grabinnens. 17.30 Grablegung des Herrn. &#8230; <span class=\"more\"><a class=\"more-link\" href=\"https:\/\/rocor-ettringen.de\/?page_id=3169\">[Read more&#8230;]<\/a><\/span><\/p>\n","protected":false},"author":7,"featured_media":0,"parent":0,"menu_order":0,"comment_status":"closed","ping_status":"closed","template":"","meta":[],"_links":{"self":[{"href":"https:\/\/rocor-ettringen.de\/index.php?rest_route=\/wp\/v2\/pages\/3169"}],"collection":[{"href":"https:\/\/rocor-ettringen.de\/index.php?rest_route=\/wp\/v2\/pages"}],"about":[{"href":"https:\/\/rocor-ettringen.de\/index.php?rest_route=\/wp\/v2\/types\/page"}],"author":[{"embeddable":true,"href":"https:\/\/rocor-ettringen.de\/index.php?rest_route=\/wp\/v2\/users\/7"}],"replies":[{"embeddable":true,"href":"https:\/\/rocor-ettringen.de\/index.php?rest_route=%2Fwp%2Fv2%2Fcomments&post=3169"}],"version-history":[{"count":12,"href":"https:\/\/rocor-ettringen.de\/index.php?rest_route=\/wp\/v2\/pages\/3169\/revisions"}],"predecessor-version":[{"id":3727,"href":"https:\/\/rocor-ettringen.de\/index.php?rest_route=\/wp\/v2\/pages\/3169\/revisions\/3727"}],"wp:attachment":[{"href":"https:\/\/rocor-ettringen.de\/index.php?rest_route=%2Fwp%2Fv2%2Fmedia&parent=3169"}],"curies":[{"name":"wp","href":"https:\/\/api.w.org\/{rel}","templated":true}]}}