{"id":3187,"date":"2023-04-29T07:35:05","date_gmt":"2023-04-29T07:35:05","guid":{"rendered":"https:\/\/rocor-ettringen.de\/?page_id=3187"},"modified":"2026-05-05T09:54:56","modified_gmt":"2026-05-05T09:54:56","slug":"mai-juni","status":"publish","type":"page","link":"https:\/\/rocor-ettringen.de\/?page_id=3187","title":{"rendered":"Mai"},"content":{"rendered":"\n<p><strong>02.05.2026<\/strong>&nbsp;<strong>Sa.<\/strong>&nbsp;11.00 Gedenkgottesdienst. Weingarten<br><strong>03.05.2026&nbsp;So.&nbsp;<\/strong>08.30-9.40&nbsp;Beichte. 9.40&nbsp;G\u00f6ttliche Liturgie. Ettringen<\/p>\n\n\n\n<p><strong>06.05.2026\u00a0Mi.<\/strong> 09.00\u00a0G\u00f6ttliche Liturgie. <strong>Hl. ruhmreicher Gro\u00dfm\u00e4rtyrer und Siegestr\u00e4ger Georg<\/strong>. Unterm\u00fchlhausen. Waldkirche der heiligen Anastasia<\/p>\n\n\n\n<p><strong>09.05.2026<\/strong>&nbsp;<strong>Sa.<\/strong>&nbsp;11.00 Gedenkgottesdienst. Schwabstadl<br><strong>09.05.2026<\/strong>&nbsp;<strong>Sa.<\/strong>&nbsp;18.00&nbsp;Abendgottesdienst&nbsp;(Vigil). Beichte. Unterm\u00fchlhausen. Waldkirche der heiligen Anastasia<br><strong>10.05.2026<\/strong>&nbsp;<strong>So.<\/strong>&nbsp;08.30-9.40&nbsp;Beichte. 9.40&nbsp;G\u00f6ttliche Liturgie. Ettringen<\/p>\n\n\n\n<p><strong>16.05.2026<\/strong>&nbsp;<strong>Sa.<\/strong>&nbsp;<em><em>kein Gottesdienst<\/em><\/em><br><strong>17.05.2026&nbsp;<strong>So.&nbsp;<\/strong><\/strong>08.30-9.40&nbsp;Beichte. 9.40&nbsp;G\u00f6ttliche Liturgie. Ettringen<\/p>\n\n\n\n<p class=\"has-vivid-red-color has-text-color\"><strong>21.05.2026 Do.<\/strong>&nbsp;08.30-9.40&nbsp;Beichte. 9.40&nbsp;G\u00f6ttliche Liturgie. <strong>Christi Himmelfahrt.<\/strong> Ettringen<\/p>\n\n\n\n<p><strong>23.05.2026<\/strong>&nbsp;<strong>Sa.<\/strong>&nbsp;<em><em>kein Gottesdienst<\/em><\/em><br><strong>24.05.2026<\/strong>&nbsp;<strong>So.<\/strong>&nbsp;<em><em>kein Gottesdienst<\/em><\/em><\/p>\n\n\n\n<p class=\"has-vivid-red-color has-text-color\"><strong>30.05.2026 Sa.<\/strong><em>&nbsp;<em>kein Gottesdienst<\/em><\/em><br><strong>31.06.2026&nbsp;So.<\/strong>&nbsp;08.30-9.40&nbsp;Beichte. 9.40&nbsp;G\u00f6ttliche Liturgie. <strong>Pfingsten<\/strong>. Ettringen<\/p>\n","protected":false},"excerpt":{"rendered":"<p>02.05.2026&nbsp;Sa.&nbsp;11.00 Gedenkgottesdienst. Weingarten03.05.2026&nbsp;So.&nbsp;08.30-9.40&nbsp;Beichte. 9.40&nbsp;G\u00f6ttliche Liturgie. Ettringen 06.05.2026\u00a0Mi. 09.00\u00a0G\u00f6ttliche Liturgie. Hl. ruhmreicher Gro\u00dfm\u00e4rtyrer und Siegestr\u00e4ger Georg. Unterm\u00fchlhausen. Waldkirche der heiligen Anastasia 09.05.2026&nbsp;Sa.&nbsp;11.00 Gedenkgottesdienst. Schwabstadl09.05.2026&nbsp;Sa.&nbsp;18.00&nbsp;Abendgottesdienst&nbsp;(Vigil). Beichte. Unterm\u00fchlhausen. Waldkirche der heiligen Anastasia10.05.2026&nbsp;So.&nbsp;08.30-9.40&nbsp;Beichte. 9.40&nbsp;G\u00f6ttliche Liturgie. Ettringen 16.05.2026&nbsp;Sa.&nbsp;kein Gottesdienst17.05.2026&nbsp;So.&nbsp;08.30-9.40&nbsp;Beichte. 9.40&nbsp;G\u00f6ttliche Liturgie. Ettringen 21.05.2026 Do.&nbsp;08.30-9.40&nbsp;Beichte. 9.40&nbsp;G\u00f6ttliche Liturgie. Christi Himmelfahrt. Ettringen 23.05.2026&nbsp;Sa.&nbsp;kein Gottesdienst24.05.2026&nbsp;So.&nbsp;kein Gottesdienst 30.05.2026 Sa.&nbsp;kein Gottesdienst31.06.2026&nbsp;So.&nbsp;08.30-9.40&nbsp;Beichte. 9.40&nbsp;G\u00f6ttliche Liturgie. Pfingsten. Ettringen<\/p>\n","protected":false},"author":7,"featured_media":0,"parent":0,"menu_order":0,"comment_status":"closed","ping_status":"closed","template":"","meta":[],"_links":{"self":[{"href":"https:\/\/rocor-ettringen.de\/index.php?rest_route=\/wp\/v2\/pages\/3187"}],"collection":[{"href":"https:\/\/rocor-ettringen.de\/index.php?rest_route=\/wp\/v2\/pages"}],"about":[{"href":"https:\/\/rocor-ettringen.de\/index.php?rest_route=\/wp\/v2\/types\/page"}],"author":[{"embeddable":true,"href":"https:\/\/rocor-ettringen.de\/index.php?rest_route=\/wp\/v2\/users\/7"}],"replies":[{"embeddable":true,"href":"https:\/\/rocor-ettringen.de\/index.php?rest_route=%2Fwp%2Fv2%2Fcomments&post=3187"}],"version-history":[{"count":8,"href":"https:\/\/rocor-ettringen.de\/index.php?rest_route=\/wp\/v2\/pages\/3187\/revisions"}],"predecessor-version":[{"id":3743,"href":"https:\/\/rocor-ettringen.de\/index.php?rest_route=\/wp\/v2\/pages\/3187\/revisions\/3743"}],"wp:attachment":[{"href":"https:\/\/rocor-ettringen.de\/index.php?rest_route=%2Fwp%2Fv2%2Fmedia&parent=3187"}],"curies":[{"name":"wp","href":"https:\/\/api.w.org\/{rel}","templated":true}]}}