{"id":3209,"date":"2023-05-21T06:36:23","date_gmt":"2023-05-21T06:36:23","guid":{"rendered":"https:\/\/rocor-ettringen.de\/?page_id=3209"},"modified":"2025-07-07T07:55:13","modified_gmt":"2025-07-07T07:55:13","slug":"juli-2","status":"publish","type":"page","link":"https:\/\/rocor-ettringen.de\/?page_id=3209","title":{"rendered":"Juli"},"content":{"rendered":"\n<p><strong>05.07.2025&nbsp;<strong>Sa<\/strong>.&nbsp;<\/strong>18.00&nbsp;Abendgottesdienst&nbsp;(Vigil). Beichte. Unterm\u00fchlhausen. Waldkirche der heiligen Anastasia<br><strong>06.07.2025&nbsp;<strong>So.<\/strong>&nbsp;<\/strong>08.30-9.40&nbsp;Beichte. 9.40&nbsp;G\u00f6ttliche Liturgie. Ettringen<\/p>\n\n\n\n<p class=\"has-vivid-red-color has-text-color\"><strong>11.07.2025\u00a0Fr.\u00a0<\/strong>18.00\u00a0Abendgottesdienst\u00a0(Vigil). Beichte. Unterm\u00fchlhausen. Waldkirche der heiligen Anastasia<br><strong>12.07.2025\u00a0<strong><strong>Sa<\/strong>.<\/strong>\u00a09.40\u00a0G\u00f6ttliche Liturgie.<\/strong> <strong>Hll. ruhmreiche Apostelf\u00fcrsten Peter und Paul<\/strong>. Ettringen. <\/p>\n\n\n\n<p><strong>13.07.2025&nbsp;So.&nbsp;<\/strong>08.30-9.40&nbsp;Beichte. 9.40&nbsp;G\u00f6ttliche Liturgie. Ettringen<br><em>(Am Vorabend findet kein Abendgottesdienst statt)<\/em><\/p>\n\n\n\n<p><strong>19.07.2025&nbsp;<strong>Sa<\/strong>.&nbsp;<\/strong>18.00&nbsp;Abendgottesdienst&nbsp;(Vigil). Beichte. Unterm\u00fchlhausen. Waldkirche der heiligen Anastasia<strong><br>20.07.2025&nbsp;<strong>So.<\/strong>&nbsp;<\/strong>08.30-9.40&nbsp;Beichte. 9.40&nbsp;G\u00f6ttliche Liturgie. Ettringen<\/p>\n\n\n\n<p><strong>26.07.2025&nbsp;<strong>Sa<\/strong>.&nbsp;<\/strong><em><em>kein Gottesdienst<\/em><\/em>&nbsp;<em><em>(\u00d6sterreich<\/em><\/em>)<strong><br>27.07.2025&nbsp;<strong>So.<\/strong>&nbsp;<\/strong><em><em>kein Gottesdienst<\/em><\/em>&nbsp;<em><em>(\u00d6sterreich<\/em><\/em>)<\/p>\n","protected":false},"excerpt":{"rendered":"<p>05.07.2025&nbsp;Sa.&nbsp;18.00&nbsp;Abendgottesdienst&nbsp;(Vigil). Beichte. Unterm\u00fchlhausen. Waldkirche der heiligen Anastasia06.07.2025&nbsp;So.&nbsp;08.30-9.40&nbsp;Beichte. 9.40&nbsp;G\u00f6ttliche Liturgie. Ettringen 11.07.2025\u00a0Fr.\u00a018.00\u00a0Abendgottesdienst\u00a0(Vigil). Beichte. Unterm\u00fchlhausen. Waldkirche der heiligen Anastasia12.07.2025\u00a0Sa.\u00a09.40\u00a0G\u00f6ttliche Liturgie. Hll. ruhmreiche Apostelf\u00fcrsten Peter und Paul. Ettringen. 13.07.2025&nbsp;So.&nbsp;08.30-9.40&nbsp;Beichte. 9.40&nbsp;G\u00f6ttliche Liturgie. Ettringen(Am Vorabend findet kein Abendgottesdienst statt) 19.07.2025&nbsp;Sa.&nbsp;18.00&nbsp;Abendgottesdienst&nbsp;(Vigil). Beichte. Unterm\u00fchlhausen. Waldkirche der heiligen Anastasia20.07.2025&nbsp;So.&nbsp;08.30-9.40&nbsp;Beichte. 9.40&nbsp;G\u00f6ttliche Liturgie. Ettringen 26.07.2025&nbsp;Sa.&nbsp;kein Gottesdienst&nbsp;(\u00d6sterreich)27.07.2025&nbsp;So.&nbsp;kein Gottesdienst&nbsp;(\u00d6sterreich)<\/p>\n","protected":false},"author":7,"featured_media":0,"parent":0,"menu_order":0,"comment_status":"closed","ping_status":"closed","template":"","meta":[],"_links":{"self":[{"href":"https:\/\/rocor-ettringen.de\/index.php?rest_route=\/wp\/v2\/pages\/3209"}],"collection":[{"href":"https:\/\/rocor-ettringen.de\/index.php?rest_route=\/wp\/v2\/pages"}],"about":[{"href":"https:\/\/rocor-ettringen.de\/index.php?rest_route=\/wp\/v2\/types\/page"}],"author":[{"embeddable":true,"href":"https:\/\/rocor-ettringen.de\/index.php?rest_route=\/wp\/v2\/users\/7"}],"replies":[{"embeddable":true,"href":"https:\/\/rocor-ettringen.de\/index.php?rest_route=%2Fwp%2Fv2%2Fcomments&post=3209"}],"version-history":[{"count":8,"href":"https:\/\/rocor-ettringen.de\/index.php?rest_route=\/wp\/v2\/pages\/3209\/revisions"}],"predecessor-version":[{"id":3633,"href":"https:\/\/rocor-ettringen.de\/index.php?rest_route=\/wp\/v2\/pages\/3209\/revisions\/3633"}],"wp:attachment":[{"href":"https:\/\/rocor-ettringen.de\/index.php?rest_route=%2Fwp%2Fv2%2Fmedia&parent=3209"}],"curies":[{"name":"wp","href":"https:\/\/api.w.org\/{rel}","templated":true}]}}