{"id":3326,"date":"2023-11-10T07:14:53","date_gmt":"2023-11-10T07:14:53","guid":{"rendered":"https:\/\/rocor-ettringen.de\/?page_id=3326"},"modified":"2026-01-12T22:27:45","modified_gmt":"2026-01-12T22:27:45","slug":"dezember-januar-2","status":"publish","type":"page","link":"https:\/\/rocor-ettringen.de\/?page_id=3326","title":{"rendered":"Dezember &#8212; Januar"},"content":{"rendered":"\n<p class=\"has-vivid-red-color has-text-color\"><strong>03.12.2025&nbsp;<strong>Mi.&nbsp;<\/strong><\/strong>18.00&nbsp;Abendgottesdienst&nbsp;(Vigil). Beichte. Unterm\u00fchlhausen. Waldkirche der heiligen Anastasia.<strong><br>04.12.2025&nbsp;Do.&nbsp;<\/strong>09.30&nbsp;G\u00f6ttliche Liturgie. <strong>Die Einf\u00fchrung der Allheiligen Gottesgeb\u00e4rerin in den Tempel<\/strong>. Unterm\u00fchlhausen. Waldkirche der heiligen Anastasia.<\/p>\n\n\n\n<p><strong>06.12.2025&nbsp;<strong>Sa.&nbsp;<\/strong><\/strong>18.00&nbsp;Abendgottesdienst&nbsp;(Vigil). Beichte. Unterm\u00fchlhausen. Waldkirche der heiligen Anastasia.<strong><br>07.12.2025&nbsp;<strong>So.&nbsp;<\/strong><\/strong>08.30-9.40&nbsp;Beichte. 9.40&nbsp;G\u00f6ttliche Liturgie. Ettringen<\/p>\n\n\n\n<p><strong>13.12.2025&nbsp;<strong>Sa.&nbsp;<\/strong><\/strong>18.00&nbsp;Abendgottesdienst&nbsp;(Vigil). Beichte. Unterm\u00fchlhausen. Waldkirche der heiligen Anastasia.<br><strong>14.12.2025&nbsp;<strong>So.&nbsp;<\/strong><\/strong>08.30-9.40&nbsp;Beichte. 9.40&nbsp;G\u00f6ttliche Liturgie. Ettringen<\/p>\n\n\n\n<p><strong>20.12.2025&nbsp;<strong>Sa.&nbsp;<\/strong><\/strong>18.00&nbsp;Abendgottesdienst&nbsp;(Vigil). Beichte. Unterm\u00fchlhausen. Waldkirche der heiligen Anastasia.<br><strong>21.12.2025&nbsp;<strong>So.&nbsp;<\/strong><\/strong>08.30-9.40&nbsp;Beichte. 9.40&nbsp;G\u00f6ttliche Liturgie. Ettringen<\/p>\n\n\n\n<p><strong>27.12.2025&nbsp;Sa.&nbsp;<\/strong><em><em>kein Gottesdienst<\/em><\/em><br><strong>28.12.2025&nbsp;So.&nbsp;<\/strong><em><em>kein Gottesdienst<\/em><\/em><\/p>\n\n\n\n<p class=\"has-black-color has-text-color\"><strong>31.12.2025 Mi.<\/strong> 18.00 Bittgottesdienst zum Neuen Jahr. Unterm\u00fchlhausen. Waldkirche der heiligen Anastasia.<\/p>\n\n\n\n<p><strong>03.01.2026&nbsp;<strong>Sa.&nbsp;<\/strong><\/strong>18.00&nbsp;Abendgottesdienst&nbsp;(Vigil). Beichte. Unterm\u00fchlhausen. Waldkirche der heiligen Anastasia.<strong><br>04.01.2026&nbsp;<strong>So.&nbsp;<\/strong><\/strong>08.30-9.40&nbsp;Beichte. 9.40&nbsp;G\u00f6ttliche Liturgie. Ettringen<\/p>\n\n\n\n<p class=\"has-vivid-red-color has-text-color\"><strong>06.01.2026&nbsp;Di.&nbsp;<\/strong>17.00&nbsp;<strong>Vorabend v. Theophanie<\/strong>. Abendgottesdienst&nbsp;(Vigil). Beichte. Ettringen<strong><br>07.01.2026 Mi.&nbsp;<\/strong>08.30-9.40&nbsp;Beichte. 9.40&nbsp;G\u00f6ttliche Liturgie. <strong>Geburt unseres Herrn und Retters Jesus Christus &#8212; Weihnachten.<\/strong> Ettringen<\/p>\n\n\n\n<p><strong>10.01.2026&nbsp;<strong>Sa.&nbsp;<\/strong><\/strong>18.00&nbsp;Abendgottesdienst&nbsp;(Vigil). Beichte. Unterm\u00fchlhausen. Waldkirche der heiligen Anastasia.<strong><br>11.01.2026&nbsp;So.&nbsp;<\/strong>08.30-9.40&nbsp;Beichte. 9.40&nbsp;G\u00f6ttliche Liturgie. Ettringen<\/p>\n\n\n\n<p><strong>17.01.2026&nbsp;<strong>Sa.&nbsp;<\/strong><\/strong>18.00&nbsp;Abendgottesdienst&nbsp;(Vigil). Beichte. Unterm\u00fchlhausen. Waldkirche der heiligen Anastasia.<strong><br>18.01.2026&nbsp;<strong>So.&nbsp;<\/strong><\/strong>08.30-9.40&nbsp;Beichte. 9.40&nbsp;G\u00f6ttliche Liturgie und Wasserweihung. Ettringen<\/p>\n\n\n\n<p class=\"has-vivid-red-color has-text-color\"><strong>18.01.2026\u00a0So.\u00a0<\/strong>17.00\u00a0Abendgottesdienst\u00a0(Vigil). Beichte. Ettringen<br><strong>19.01.2026\u00a0Mo.\u00a0\u00a0<\/strong>08.30-9.40\u00a0Beichte. 9.40\u00a0G\u00f6ttliche Liturgie und Wasserweihung. <strong>Theophanie (Erscheinung des Herrn).<\/strong> Ettringen<\/p>\n\n\n\n<p class=\"has-vivid-cyan-blue-color has-text-color\"><em>Beim Wasserweihungsritus an Theophanie wird das Sch\u00f6pfen des Wassers vom Kirchendiener vorgenommen und nur f\u00fcr jene Gl\u00e4ubigen, die regelm\u00e4\u00dfig an den Gottesdiensten teilnehmen.<\/em><\/p>\n\n\n\n<p><strong>24.01.2026&nbsp;Sa.&nbsp;<\/strong><em><em>kein Gottesdienst<\/em><\/em><br><strong>25.01.2026&nbsp;So.&nbsp;<\/strong><em><em>kein Gottesdienst<\/em><\/em><\/p>\n","protected":false},"excerpt":{"rendered":"<p>03.12.2025&nbsp;Mi.&nbsp;18.00&nbsp;Abendgottesdienst&nbsp;(Vigil). Beichte. Unterm\u00fchlhausen. Waldkirche der heiligen Anastasia.04.12.2025&nbsp;Do.&nbsp;09.30&nbsp;G\u00f6ttliche Liturgie. Die Einf\u00fchrung der Allheiligen Gottesgeb\u00e4rerin in den Tempel. Unterm\u00fchlhausen. Waldkirche der heiligen Anastasia. 06.12.2025&nbsp;Sa.&nbsp;18.00&nbsp;Abendgottesdienst&nbsp;(Vigil). Beichte. Unterm\u00fchlhausen. Waldkirche der heiligen Anastasia.07.12.2025&nbsp;So.&nbsp;08.30-9.40&nbsp;Beichte. 9.40&nbsp;G\u00f6ttliche Liturgie. Ettringen 13.12.2025&nbsp;Sa.&nbsp;18.00&nbsp;Abendgottesdienst&nbsp;(Vigil). Beichte. Unterm\u00fchlhausen. Waldkirche der heiligen Anastasia.14.12.2025&nbsp;So.&nbsp;08.30-9.40&nbsp;Beichte. 9.40&nbsp;G\u00f6ttliche Liturgie. Ettringen 20.12.2025&nbsp;Sa.&nbsp;18.00&nbsp;Abendgottesdienst&nbsp;(Vigil). Beichte. Unterm\u00fchlhausen. Waldkirche der heiligen Anastasia.21.12.2025&nbsp;So.&nbsp;08.30-9.40&nbsp;Beichte. 9.40&nbsp;G\u00f6ttliche Liturgie. Ettringen 27.12.2025&nbsp;Sa.&nbsp;kein Gottesdienst28.12.2025&nbsp;So.&nbsp;kein Gottesdienst 31.12.2025 &#8230; <span class=\"more\"><a class=\"more-link\" href=\"https:\/\/rocor-ettringen.de\/?page_id=3326\">[Read more&#8230;]<\/a><\/span><\/p>\n","protected":false},"author":7,"featured_media":0,"parent":0,"menu_order":0,"comment_status":"closed","ping_status":"closed","template":"","meta":[],"_links":{"self":[{"href":"https:\/\/rocor-ettringen.de\/index.php?rest_route=\/wp\/v2\/pages\/3326"}],"collection":[{"href":"https:\/\/rocor-ettringen.de\/index.php?rest_route=\/wp\/v2\/pages"}],"about":[{"href":"https:\/\/rocor-ettringen.de\/index.php?rest_route=\/wp\/v2\/types\/page"}],"author":[{"embeddable":true,"href":"https:\/\/rocor-ettringen.de\/index.php?rest_route=\/wp\/v2\/users\/7"}],"replies":[{"embeddable":true,"href":"https:\/\/rocor-ettringen.de\/index.php?rest_route=%2Fwp%2Fv2%2Fcomments&post=3326"}],"version-history":[{"count":13,"href":"https:\/\/rocor-ettringen.de\/index.php?rest_route=\/wp\/v2\/pages\/3326\/revisions"}],"predecessor-version":[{"id":3698,"href":"https:\/\/rocor-ettringen.de\/index.php?rest_route=\/wp\/v2\/pages\/3326\/revisions\/3698"}],"wp:attachment":[{"href":"https:\/\/rocor-ettringen.de\/index.php?rest_route=%2Fwp%2Fv2%2Fmedia&parent=3326"}],"curies":[{"name":"wp","href":"https:\/\/api.w.org\/{rel}","templated":true}]}}